{"id":62,"date":"2015-12-01T10:08:24","date_gmt":"2015-12-01T09:08:24","guid":{"rendered":"http:\/\/worldclassgym.wpengine.com\/norrkoping-pronova\/?page_id=62"},"modified":"2015-12-15T13:43:05","modified_gmt":"2015-12-15T12:43:05","slug":"jobba-hos-oss","status":"publish","type":"page","link":"https:\/\/worldclass.se\/norrkoping\/jobba-hos-oss\/","title":{"rendered":"Jobba hos oss"},"content":{"rendered":"<p>World Class \u00e4r en av Sveriges mest framst\u00e5ende friskv\u00e5rdskedjor som k\u00e4nnetecknas av kvalitet och erfarenhet med tonvikt p\u00e5 kompetent personal och utrustningen i gener\u00f6sa lokaler. Vi \u00e4r en franchise klubb d\u00e4r vi \u00e4ger och driver klubben med egna beslut lokalt.<\/p>\n<h2>Grupptr\u00e4ningsinstrukt\u00f6r<\/h2>\n<p><strong>\u00c4r du en av de b\u00e4sta? D\u00e5 har vi plats f\u00f6r dig.<\/strong><\/p>\n<p>D\u00e5 vi kommer att lansera nyheter p\u00e5 grupptr\u00e4ningen till h\u00f6sten vill vi utveckla v\u00e5r grupptr\u00e4ningsverksamhet med dig som instrukt\u00f6r. Vi har en v\u00e4l upparbetad verksamhet och har d\u00e5 bara plats f\u00f6r de b\u00e4sta. Det kr\u00e4vs att du har ett genuint intresse och vill kunna p\u00e5verka v\u00e5r klubb inom grupptr\u00e4ningsomr\u00e5det. Vi st\u00e4ller krav p\u00e5 din erfarenhet och samarbetsf\u00f6rm\u00e5ga och du brinner f\u00f6r att skapa kontakt med m\u00e4nniskor. Viktigt \u00e4r att du motiveras av att f\u00e5 f\u00f6rmedla tr\u00e4ningsgl\u00e4dje till v\u00e5ra medlemmar. Just nu s\u00f6ker vi nya instrukt\u00f6rer inom flera av v\u00e5ra omr\u00e5den till grupptr\u00e4ningen.<\/p>\n","protected":false},"excerpt":{"rendered":"<p>World Class \u00e4r en av Sveriges mest framst\u00e5ende friskv\u00e5rdskedjor som k\u00e4nnetecknas av kvalitet och erfarenhet med tonvikt p\u00e5 kompetent personal och utrustningen i gener\u00f6sa lokaler. Vi \u00e4r en franchise klubb d\u00e4r vi \u00e4ger och driver klubben med egna beslut lokalt. Grupptr\u00e4ningsinstrukt\u00f6r \u00c4r du en av de b\u00e4sta? D\u00e5 har vi plats f\u00f6r dig. D\u00e5 vi [&hellip;]<\/p>\n","protected":false},"author":1,"featured_media":0,"parent":0,"menu_order":0,"comment_status":"closed","ping_status":"closed","template":"page-jobbahososs.php","meta":[],"_links":{"self":[{"href":"https:\/\/worldclass.se\/norrkoping\/wp-json\/wp\/v2\/pages\/62"}],"collection":[{"href":"https:\/\/worldclass.se\/norrkoping\/wp-json\/wp\/v2\/pages"}],"about":[{"href":"https:\/\/worldclass.se\/norrkoping\/wp-json\/wp\/v2\/types\/page"}],"author":[{"embeddable":true,"href":"https:\/\/worldclass.se\/norrkoping\/wp-json\/wp\/v2\/users\/1"}],"replies":[{"embeddable":true,"href":"https:\/\/worldclass.se\/norrkoping\/wp-json\/wp\/v2\/comments?post=62"}],"version-history":[{"count":1,"href":"https:\/\/worldclass.se\/norrkoping\/wp-json\/wp\/v2\/pages\/62\/revisions"}],"predecessor-version":[{"id":771,"href":"https:\/\/worldclass.se\/norrkoping\/wp-json\/wp\/v2\/pages\/62\/revisions\/771"}],"wp:attachment":[{"href":"https:\/\/worldclass.se\/norrkoping\/wp-json\/wp\/v2\/media?parent=62"}],"curies":[{"name":"wp","href":"https:\/\/api.w.org\/{rel}","templated":true}]}}