{"id":68,"date":"2015-12-01T10:10:53","date_gmt":"2015-12-01T09:10:53","guid":{"rendered":"http:\/\/worldclassgym.wpengine.com\/alvik\/?page_id=68"},"modified":"2021-06-24T12:25:20","modified_gmt":"2021-06-24T10:25:20","slug":"kontakt-oppettider","status":"publish","type":"page","link":"https:\/\/worldclass.se\/lul\/kontakt-oppettider\/","title":{"rendered":"Kontakt &amp; \u00d6ppettider"},"content":{"rendered":"<h2>World Class Lule\u00e5<\/h2>\n<p>Kyrkogatan 15<br \/>\n972 32 Lule\u00e5<\/p>\n<p>Telefonnummer: 070 560 30 90<br \/>\nMejladress:<a href=\"mailto:lulea@worldclass.se\"> lulea@worldclass.se<\/a><\/p>\n<h2>\u00d6ppettider<\/h2>\n<table style=\"height: 177px;\" width=\"200\">\n<tbody>\n<tr>\n<td class=\"sub-rubbe\">Dag<\/td>\n<td class=\"sub-rubbe\">\u00d6ppettider<\/td>\n<\/tr>\n<tr>\n<td>M\u00e5n-tor<\/td>\n<td>08.00-21.00<\/td>\n<\/tr>\n<tr>\n<td>Fre<\/td>\n<td>08.00-18.00<\/td>\n<\/tr>\n<tr>\n<td>L\u00f6r-s\u00f6n<\/td>\n<td>10.00-15.00<\/td>\n<\/tr>\n<\/tbody>\n<\/table>\n<p>&nbsp;<\/p>\n<h2>Avvikande \u00f6ppettider<\/h2>\n<table style=\"height: 177px;\" width=\"200\">\n<tbody>\n<tr>\n<td class=\"sub-rubbe\">Dag<\/td>\n<td class=\"sub-rubbe\">\u00d6ppettider<\/td>\n<\/tr>\n<tr>\n<td>25\/6 Midsommarafton<\/td>\n<td>St\u00e4ngt<\/td>\n<\/tr>\n<tr>\n<td>26\/6 Midsommardagen<\/td>\n<td>St\u00e4ngt<\/td>\n<\/tr>\n<tr>\n<td>27\/6 S\u00f6ndag<\/td>\n<td>St\u00e4ngt<\/td>\n<\/tr>\n<tr>\n<\/tbody>\n<\/table>\n<p>&nbsp;<\/p>\n","protected":false},"excerpt":{"rendered":"<p>World Class Lule\u00e5 Kyrkogatan 15 972 32 Lule\u00e5 Telefonnummer: 070 560 30 90 Mejladress: lulea@worldclass.se \u00d6ppettider Dag \u00d6ppettider M\u00e5n-tor 08.00-21.00 Fre 08.00-18.00 L\u00f6r-s\u00f6n 10.00-15.00 &nbsp; Avvikande \u00f6ppettider Dag \u00d6ppettider 25\/6 Midsommarafton St\u00e4ngt 26\/6 Midsommardagen St\u00e4ngt 27\/6 S\u00f6ndag St\u00e4ngt &nbsp;<\/p>\n","protected":false},"author":1,"featured_media":0,"parent":0,"menu_order":0,"comment_status":"closed","ping_status":"closed","template":"page-undersidaklubbar.php","meta":[],"_links":{"self":[{"href":"https:\/\/worldclass.se\/lul\/wp-json\/wp\/v2\/pages\/68"}],"collection":[{"href":"https:\/\/worldclass.se\/lul\/wp-json\/wp\/v2\/pages"}],"about":[{"href":"https:\/\/worldclass.se\/lul\/wp-json\/wp\/v2\/types\/page"}],"author":[{"embeddable":true,"href":"https:\/\/worldclass.se\/lul\/wp-json\/wp\/v2\/users\/1"}],"replies":[{"embeddable":true,"href":"https:\/\/worldclass.se\/lul\/wp-json\/wp\/v2\/comments?post=68"}],"version-history":[{"count":25,"href":"https:\/\/worldclass.se\/lul\/wp-json\/wp\/v2\/pages\/68\/revisions"}],"predecessor-version":[{"id":928,"href":"https:\/\/worldclass.se\/lul\/wp-json\/wp\/v2\/pages\/68\/revisions\/928"}],"wp:attachment":[{"href":"https:\/\/worldclass.se\/lul\/wp-json\/wp\/v2\/media?parent=68"}],"curies":[{"name":"wp","href":"https:\/\/api.w.org\/{rel}","templated":true}]}}